{"id":16,"date":"2022-02-21T11:56:13","date_gmt":"2022-02-21T10:56:13","guid":{"rendered":"https:\/\/lescreationsdesy.com\/?page_id=16"},"modified":"2023-03-18T16:55:49","modified_gmt":"2023-03-18T15:55:49","slug":"contact","status":"publish","type":"page","link":"https:\/\/lescreationsdesy.com\/index.php\/contact\/","title":{"rendered":"Contact"},"content":{"rendered":"\t\t<div data-elementor-type=\"wp-page\" data-elementor-id=\"16\" class=\"elementor elementor-16\">\n\t\t\t\t\t\t<section class=\"elementor-section elementor-top-section elementor-element elementor-element-9f54146 elementor-section-boxed elementor-section-height-default elementor-section-height-default\" data-id=\"9f54146\" data-element_type=\"section\" data-e-type=\"section\">\n\t\t\t\t\t\t<div class=\"elementor-container elementor-column-gap-default\">\n\t\t\t\t\t<div class=\"elementor-column elementor-col-50 elementor-top-column elementor-element elementor-element-0d21f1e\" data-id=\"0d21f1e\" data-element_type=\"column\" data-e-type=\"column\">\n\t\t\t<div class=\"elementor-widget-wrap elementor-element-populated\">\n\t\t\t\t\t\t<div class=\"elementor-element elementor-element-532fe55 elementor-widget elementor-widget-wpforms\" data-id=\"532fe55\" data-element_type=\"widget\" data-e-type=\"widget\" data-widget_type=\"wpforms.default\">\n\t\t\t\t<div class=\"elementor-widget-container\">\n\t\t\t\t\t<div class=\"wpforms-container wpforms-container-full\" id=\"wpforms-12\"><form id=\"wpforms-form-12\" class=\"wpforms-validate wpforms-form wpforms-ajax-form\" data-formid=\"12\" method=\"post\" enctype=\"multipart\/form-data\" action=\"\/index.php\/wp-json\/wp\/v2\/pages\/16\" data-token=\"b602c94c19ccdc13615aae70c33a8cad\" data-token-time=\"1776684794\"><noscript class=\"wpforms-error-noscript\">Veuillez activer JavaScript dans votre navigateur pour remplir ce formulaire.<\/noscript><div class=\"wpforms-field-container\"><div id=\"wpforms-12-field_1-container\" class=\"wpforms-field wpforms-field-name\" data-field-id=\"1\"><label class=\"wpforms-field-label\">Coordonn\u00e9es <span class=\"wpforms-required-label\">*<\/span><\/label><div class=\"wpforms-field-row wpforms-field-medium\"><div class=\"wpforms-field-row-block wpforms-first wpforms-one-half\"><input type=\"text\" id=\"wpforms-12-field_1\" class=\"wpforms-field-name-first wpforms-field-required\" name=\"wpforms[fields][1][first]\" required><label for=\"wpforms-12-field_1\" class=\"wpforms-field-sublabel after\">Pr\u00e9nom<\/label><\/div><div class=\"wpforms-field-row-block wpforms-one-half\"><input type=\"text\" id=\"wpforms-12-field_1-last\" class=\"wpforms-field-name-last wpforms-field-required\" name=\"wpforms[fields][1][last]\" required><label for=\"wpforms-12-field_1-last\" class=\"wpforms-field-sublabel after\">Nom<\/label><\/div><\/div><\/div><div id=\"wpforms-12-field_2-container\" class=\"wpforms-field wpforms-field-email\" data-field-id=\"2\"><label class=\"wpforms-field-label\" for=\"wpforms-12-field_2\">E-mail <span class=\"wpforms-required-label\">*<\/span><\/label><input type=\"email\" id=\"wpforms-12-field_2\" class=\"wpforms-field-medium wpforms-field-required\" name=\"wpforms[fields][2]\" spellcheck=\"false\" required><\/div><div id=\"wpforms-12-field_3-container\" class=\"wpforms-field wpforms-field-text\" data-field-id=\"3\"><label class=\"wpforms-field-label\" for=\"wpforms-12-field_3\">T\u00e9l\u00e9phone<\/label><input type=\"text\" id=\"wpforms-12-field_3\" class=\"wpforms-field-medium\" name=\"wpforms[fields][3]\" ><\/div><div id=\"wpforms-12-field_5-container\" class=\"wpforms-field wpforms-field-textarea\" data-field-id=\"5\"><label class=\"wpforms-field-label\" for=\"wpforms-12-field_5\">Objet de votre message <span class=\"wpforms-required-label\">*<\/span><\/label><textarea id=\"wpforms-12-field_5\" class=\"wpforms-field-medium wpforms-field-required\" name=\"wpforms[fields][5]\" required><\/textarea><div class=\"wpforms-field-description\">Dites moi en quoi puis je vous aider?<\/div><\/div><div id=\"wpforms-12-field_4-container\" class=\"wpforms-field wpforms-field-checkbox\" data-field-id=\"4\"><label class=\"wpforms-field-label\">Quelle est votre demande<\/label><ul id=\"wpforms-12-field_4\"><li class=\"choice-1 depth-1\"><input type=\"checkbox\" id=\"wpforms-12-field_4_1\" name=\"wpforms[fields][4][]\" value=\"Devis\"  ><label class=\"wpforms-field-label-inline\" for=\"wpforms-12-field_4_1\">Devis<\/label><\/li><li class=\"choice-2 depth-1\"><input type=\"checkbox\" id=\"wpforms-12-field_4_2\" name=\"wpforms[fields][4][]\" value=\"Demande d&#039;informations\"  ><label class=\"wpforms-field-label-inline\" for=\"wpforms-12-field_4_2\">Demande d'informations<\/label><\/li><li class=\"choice-3 depth-1\"><input type=\"checkbox\" id=\"wpforms-12-field_4_3\" name=\"wpforms[fields][4][]\" value=\"Commande\"  ><label class=\"wpforms-field-label-inline\" for=\"wpforms-12-field_4_3\">Commande<\/label><\/li><\/ul><\/div><\/div><!-- .wpforms-field-container --><div class=\"wpforms-recaptcha-container wpforms-is-recaptcha wpforms-is-recaptcha-type-v2\" ><div class=\"g-recaptcha\" data-sitekey=\"6LeXH5EeAAAAAG_BHFEyWG7E6Ttwjk7U65rjLWFq\"><\/div><input type=\"text\" name=\"g-recaptcha-hidden\" class=\"wpforms-recaptcha-hidden\" style=\"position:absolute!important;clip:rect(0,0,0,0)!important;height:1px!important;width:1px!important;border:0!important;overflow:hidden!important;padding:0!important;margin:0!important;\" data-rule-recaptcha=\"1\"><\/div><div class=\"wpforms-submit-container\" ><input type=\"hidden\" name=\"wpforms[id]\" value=\"12\"><input type=\"hidden\" name=\"page_title\" value=\"\"><input type=\"hidden\" name=\"page_url\" value=\"https:\/\/lescreationsdesy.com\/index.php\/wp-json\/wp\/v2\/pages\/16\"><input type=\"hidden\" name=\"url_referer\" value=\"\"><button type=\"submit\" name=\"wpforms[submit]\" id=\"wpforms-submit-12\" class=\"wpforms-submit\" data-alt-text=\"Envoi...\" data-submit-text=\"Envoyer\" aria-live=\"assertive\" value=\"wpforms-submit\">Envoyer<\/button><img decoding=\"async\" src=\"https:\/\/lescreationsdesy.com\/wp-content\/plugins\/wpforms-lite\/assets\/images\/submit-spin.svg\" class=\"wpforms-submit-spinner\" style=\"display: none;\" width=\"26\" height=\"26\" alt=\"Chargement en cours\"><\/div><\/form><\/div>  <!-- .wpforms-container -->\t\t\t\t<\/div>\n\t\t\t\t<\/div>\n\t\t\t\t\t<\/div>\n\t\t<\/div>\n\t\t\t\t<div class=\"elementor-column elementor-col-50 elementor-top-column elementor-element elementor-element-96c1aa0\" data-id=\"96c1aa0\" data-element_type=\"column\" data-e-type=\"column\">\n\t\t\t<div class=\"elementor-widget-wrap elementor-element-populated\">\n\t\t\t\t\t\t<div class=\"elementor-element elementor-element-8ec5db3 elementor-widget elementor-widget-heading\" data-id=\"8ec5db3\" data-element_type=\"widget\" data-e-type=\"widget\" data-widget_type=\"heading.default\">\n\t\t\t\t<div class=\"elementor-widget-container\">\n\t\t\t\t\t<h2 class=\"elementor-heading-title elementor-size-default\">Mon Atelier<\/h2>\t\t\t\t<\/div>\n\t\t\t\t<\/div>\n\t\t\t\t<div class=\"elementor-element elementor-element-6597392 elementor-widget elementor-widget-google_maps\" data-id=\"6597392\" data-element_type=\"widget\" data-e-type=\"widget\" data-widget_type=\"google_maps.default\">\n\t\t\t\t<div class=\"elementor-widget-container\">\n\t\t\t\t\t\t\t<div class=\"elementor-custom-embed\">\n\t\t\t<iframe loading=\"lazy\"\n\t\t\t\t\tsrc=\"https:\/\/maps.google.com\/maps?q=chassenon&#038;t=m&#038;z=10&#038;output=embed&#038;iwloc=near\"\n\t\t\t\t\ttitle=\"chassenon\"\n\t\t\t\t\taria-label=\"chassenon\"\n\t\t\t><\/iframe>\n\t\t<\/div>\n\t\t\t\t\t\t<\/div>\n\t\t\t\t<\/div>\n\t\t\t\t<div class=\"elementor-element elementor-element-3523204 elementor-widget elementor-widget-heading\" data-id=\"3523204\" data-element_type=\"widget\" data-e-type=\"widget\" data-widget_type=\"heading.default\">\n\t\t\t\t<div class=\"elementor-widget-container\">\n\t\t\t\t\t<h2 class=\"elementor-heading-title elementor-size-default\">La Boutique La Mesure \u00e0 Limoges<\/h2>\t\t\t\t<\/div>\n\t\t\t\t<\/div>\n\t\t\t\t<div class=\"elementor-element elementor-element-acd283d elementor-widget elementor-widget-google_maps\" data-id=\"acd283d\" data-element_type=\"widget\" data-e-type=\"widget\" data-widget_type=\"google_maps.default\">\n\t\t\t\t<div class=\"elementor-widget-container\">\n\t\t\t\t\t\t\t<div class=\"elementor-custom-embed\">\n\t\t\t<iframe loading=\"lazy\"\n\t\t\t\t\tsrc=\"https:\/\/maps.google.com\/maps?q=6%20place%20du%20poids%20public%2087000%20Limoges&#038;t=m&#038;z=10&#038;output=embed&#038;iwloc=near\"\n\t\t\t\t\ttitle=\"6 place du poids public 87000 Limoges\"\n\t\t\t\t\taria-label=\"6 place du poids public 87000 Limoges\"\n\t\t\t><\/iframe>\n\t\t<\/div>\n\t\t\t\t\t\t<\/div>\n\t\t\t\t<\/div>\n\t\t\t\t\t<\/div>\n\t\t<\/div>\n\t\t\t\t\t<\/div>\n\t\t<\/section>\n\t\t\t\t<\/div>\n\t\t","protected":false},"excerpt":{"rendered":"<p>Mon Atelier La Boutique La Mesure \u00e0 Limoges<\/p>\n","protected":false},"author":1,"featured_media":0,"parent":0,"menu_order":0,"comment_status":"closed","ping_status":"closed","template":"","meta":{"site-sidebar-layout":"default","site-content-layout":"","ast-site-content-layout":"default","site-content-style":"default","site-sidebar-style":"default","ast-global-header-display":"","ast-banner-title-visibility":"","ast-main-header-display":"","ast-hfb-above-header-display":"","ast-hfb-below-header-display":"","ast-hfb-mobile-header-display":"","site-post-title":"","ast-breadcrumbs-content":"","ast-featured-img":"","footer-sml-layout":"","ast-disable-related-posts":"","theme-transparent-header-meta":"","adv-header-id-meta":"","stick-header-meta":"","header-above-stick-meta":"","header-main-stick-meta":"","header-below-stick-meta":"","astra-migrate-meta-layouts":"default","ast-page-background-enabled":"default","ast-page-background-meta":{"desktop":{"background-color":"var(--ast-global-color-4)","background-image":"","background-repeat":"repeat","background-position":"center center","background-size":"auto","background-attachment":"scroll","background-type":"","background-media":"","overlay-type":"","overlay-color":"","overlay-opacity":"","overlay-gradient":""},"tablet":{"background-color":"","background-image":"","background-repeat":"repeat","background-position":"center center","background-size":"auto","background-attachment":"scroll","background-type":"","background-media":"","overlay-type":"","overlay-color":"","overlay-opacity":"","overlay-gradient":""},"mobile":{"background-color":"","background-image":"","background-repeat":"repeat","background-position":"center center","background-size":"auto","background-attachment":"scroll","background-type":"","background-media":"","overlay-type":"","overlay-color":"","overlay-opacity":"","overlay-gradient":""}},"ast-content-background-meta":{"desktop":{"background-color":"var(--ast-global-color-5)","background-image":"","background-repeat":"repeat","background-position":"center center","background-size":"auto","background-attachment":"scroll","background-type":"","background-media":"","overlay-type":"","overlay-color":"","overlay-opacity":"","overlay-gradient":""},"tablet":{"background-color":"var(--ast-global-color-5)","background-image":"","background-repeat":"repeat","background-position":"center center","background-size":"auto","background-attachment":"scroll","background-type":"","background-media":"","overlay-type":"","overlay-color":"","overlay-opacity":"","overlay-gradient":""},"mobile":{"background-color":"var(--ast-global-color-5)","background-image":"","background-repeat":"repeat","background-position":"center center","background-size":"auto","background-attachment":"scroll","background-type":"","background-media":"","overlay-type":"","overlay-color":"","overlay-opacity":"","overlay-gradient":""}},"footnotes":""},"class_list":["post-16","page","type-page","status-publish","hentry"],"yoast_head":"<!-- This site is optimized with the Yoast SEO plugin v27.4 - https:\/\/yoast.com\/product\/yoast-seo-wordpress\/ -->\n<title>Les Cr\u00e9ations De Sy - Contact<\/title>\n<meta name=\"description\" content=\"Une question ? Une demande de devis ? N&#039;h\u00e9sitez pas, envoyez moi votre demande via le formulaire de contact sur mon site Web - A bient\u00f4t !!\" \/>\n<meta name=\"robots\" content=\"index, follow, max-snippet:-1, max-image-preview:large, max-video-preview:-1\" \/>\n<link rel=\"canonical\" href=\"https:\/\/lescreationsdesy.com\/index.php\/contact\/\" \/>\n<meta property=\"og:locale\" content=\"fr_FR\" \/>\n<meta property=\"og:type\" content=\"article\" \/>\n<meta property=\"og:title\" content=\"Les Cr\u00e9ations De Sy - Contact\" \/>\n<meta property=\"og:description\" content=\"Une question ? Une demande de devis ? N&#039;h\u00e9sitez pas, envoyez moi votre demande via le formulaire de contact sur mon site Web - A bient\u00f4t !!\" \/>\n<meta property=\"og:url\" content=\"https:\/\/lescreationsdesy.com\/index.php\/contact\/\" \/>\n<meta property=\"og:site_name\" content=\"Les Cr\u00e9ations De Sy\" \/>\n<meta property=\"article:modified_time\" content=\"2023-03-18T15:55:49+00:00\" \/>\n<meta name=\"twitter:card\" content=\"summary_large_image\" \/>\n<meta name=\"twitter:label1\" content=\"Dur\u00e9e de lecture estim\u00e9e\" \/>\n\t<meta name=\"twitter:data1\" content=\"1 minute\" \/>\n<script type=\"application\/ld+json\" class=\"yoast-schema-graph\">{\"@context\":\"https:\\\/\\\/schema.org\",\"@graph\":[{\"@type\":\"WebPage\",\"@id\":\"https:\\\/\\\/lescreationsdesy.com\\\/index.php\\\/contact\\\/\",\"url\":\"https:\\\/\\\/lescreationsdesy.com\\\/index.php\\\/contact\\\/\",\"name\":\"Les Cr\u00e9ations De Sy - Contact\",\"isPartOf\":{\"@id\":\"https:\\\/\\\/lescreationsdesy.com\\\/#website\"},\"datePublished\":\"2022-02-21T10:56:13+00:00\",\"dateModified\":\"2023-03-18T15:55:49+00:00\",\"description\":\"Une question ? Une demande de devis ? N'h\u00e9sitez pas, envoyez moi votre demande via le formulaire de contact sur mon site Web - A bient\u00f4t !!\",\"breadcrumb\":{\"@id\":\"https:\\\/\\\/lescreationsdesy.com\\\/index.php\\\/contact\\\/#breadcrumb\"},\"inLanguage\":\"fr-FR\",\"potentialAction\":[{\"@type\":\"ReadAction\",\"target\":[\"https:\\\/\\\/lescreationsdesy.com\\\/index.php\\\/contact\\\/\"]}]},{\"@type\":\"BreadcrumbList\",\"@id\":\"https:\\\/\\\/lescreationsdesy.com\\\/index.php\\\/contact\\\/#breadcrumb\",\"itemListElement\":[{\"@type\":\"ListItem\",\"position\":1,\"name\":\"Accueil\",\"item\":\"https:\\\/\\\/lescreationsdesy.com\\\/\"},{\"@type\":\"ListItem\",\"position\":2,\"name\":\"Contact\"}]},{\"@type\":\"WebSite\",\"@id\":\"https:\\\/\\\/lescreationsdesy.com\\\/#website\",\"url\":\"https:\\\/\\\/lescreationsdesy.com\\\/\",\"name\":\"Les Cr\u00e9ations De Sy\",\"description\":\"Cr\u00e9ations en tissus personnalisables et z\u00e9ro d\u00e9chet\",\"publisher\":{\"@id\":\"https:\\\/\\\/lescreationsdesy.com\\\/#\\\/schema\\\/person\\\/7c5035cf4dfcdf91365a2060addac77b\"},\"potentialAction\":[{\"@type\":\"SearchAction\",\"target\":{\"@type\":\"EntryPoint\",\"urlTemplate\":\"https:\\\/\\\/lescreationsdesy.com\\\/?s={search_term_string}\"},\"query-input\":{\"@type\":\"PropertyValueSpecification\",\"valueRequired\":true,\"valueName\":\"search_term_string\"}}],\"inLanguage\":\"fr-FR\"},{\"@type\":[\"Person\",\"Organization\"],\"@id\":\"https:\\\/\\\/lescreationsdesy.com\\\/#\\\/schema\\\/person\\\/7c5035cf4dfcdf91365a2060addac77b\",\"name\":\"Les Cr\u00e9ations De Sy\",\"image\":{\"@type\":\"ImageObject\",\"inLanguage\":\"fr-FR\",\"@id\":\"https:\\\/\\\/lescreationsdesy.com\\\/wp-content\\\/uploads\\\/2022\\\/02\\\/cropped-logo-2.jpg\",\"url\":\"https:\\\/\\\/lescreationsdesy.com\\\/wp-content\\\/uploads\\\/2022\\\/02\\\/cropped-logo-2.jpg\",\"contentUrl\":\"https:\\\/\\\/lescreationsdesy.com\\\/wp-content\\\/uploads\\\/2022\\\/02\\\/cropped-logo-2.jpg\",\"width\":84,\"height\":184,\"caption\":\"Les Cr\u00e9ations De Sy\"},\"logo\":{\"@id\":\"https:\\\/\\\/lescreationsdesy.com\\\/wp-content\\\/uploads\\\/2022\\\/02\\\/cropped-logo-2.jpg\"},\"sameAs\":[\"http:\\\/\\\/lescreationsdesy.com\"]}]}<\/script>\n<!-- \/ Yoast SEO plugin. -->","yoast_head_json":{"title":"Les Cr\u00e9ations De Sy - Contact","description":"Une question ? Une demande de devis ? N'h\u00e9sitez pas, envoyez moi votre demande via le formulaire de contact sur mon site Web - A bient\u00f4t !!","robots":{"index":"index","follow":"follow","max-snippet":"max-snippet:-1","max-image-preview":"max-image-preview:large","max-video-preview":"max-video-preview:-1"},"canonical":"https:\/\/lescreationsdesy.com\/index.php\/contact\/","og_locale":"fr_FR","og_type":"article","og_title":"Les Cr\u00e9ations De Sy - Contact","og_description":"Une question ? Une demande de devis ? N'h\u00e9sitez pas, envoyez moi votre demande via le formulaire de contact sur mon site Web - A bient\u00f4t !!","og_url":"https:\/\/lescreationsdesy.com\/index.php\/contact\/","og_site_name":"Les Cr\u00e9ations De Sy","article_modified_time":"2023-03-18T15:55:49+00:00","twitter_card":"summary_large_image","twitter_misc":{"Dur\u00e9e de lecture estim\u00e9e":"1 minute"},"schema":{"@context":"https:\/\/schema.org","@graph":[{"@type":"WebPage","@id":"https:\/\/lescreationsdesy.com\/index.php\/contact\/","url":"https:\/\/lescreationsdesy.com\/index.php\/contact\/","name":"Les Cr\u00e9ations De Sy - Contact","isPartOf":{"@id":"https:\/\/lescreationsdesy.com\/#website"},"datePublished":"2022-02-21T10:56:13+00:00","dateModified":"2023-03-18T15:55:49+00:00","description":"Une question ? Une demande de devis ? N'h\u00e9sitez pas, envoyez moi votre demande via le formulaire de contact sur mon site Web - A bient\u00f4t !!","breadcrumb":{"@id":"https:\/\/lescreationsdesy.com\/index.php\/contact\/#breadcrumb"},"inLanguage":"fr-FR","potentialAction":[{"@type":"ReadAction","target":["https:\/\/lescreationsdesy.com\/index.php\/contact\/"]}]},{"@type":"BreadcrumbList","@id":"https:\/\/lescreationsdesy.com\/index.php\/contact\/#breadcrumb","itemListElement":[{"@type":"ListItem","position":1,"name":"Accueil","item":"https:\/\/lescreationsdesy.com\/"},{"@type":"ListItem","position":2,"name":"Contact"}]},{"@type":"WebSite","@id":"https:\/\/lescreationsdesy.com\/#website","url":"https:\/\/lescreationsdesy.com\/","name":"Les Cr\u00e9ations De Sy","description":"Cr\u00e9ations en tissus personnalisables et z\u00e9ro d\u00e9chet","publisher":{"@id":"https:\/\/lescreationsdesy.com\/#\/schema\/person\/7c5035cf4dfcdf91365a2060addac77b"},"potentialAction":[{"@type":"SearchAction","target":{"@type":"EntryPoint","urlTemplate":"https:\/\/lescreationsdesy.com\/?s={search_term_string}"},"query-input":{"@type":"PropertyValueSpecification","valueRequired":true,"valueName":"search_term_string"}}],"inLanguage":"fr-FR"},{"@type":["Person","Organization"],"@id":"https:\/\/lescreationsdesy.com\/#\/schema\/person\/7c5035cf4dfcdf91365a2060addac77b","name":"Les Cr\u00e9ations De Sy","image":{"@type":"ImageObject","inLanguage":"fr-FR","@id":"https:\/\/lescreationsdesy.com\/wp-content\/uploads\/2022\/02\/cropped-logo-2.jpg","url":"https:\/\/lescreationsdesy.com\/wp-content\/uploads\/2022\/02\/cropped-logo-2.jpg","contentUrl":"https:\/\/lescreationsdesy.com\/wp-content\/uploads\/2022\/02\/cropped-logo-2.jpg","width":84,"height":184,"caption":"Les Cr\u00e9ations De Sy"},"logo":{"@id":"https:\/\/lescreationsdesy.com\/wp-content\/uploads\/2022\/02\/cropped-logo-2.jpg"},"sameAs":["http:\/\/lescreationsdesy.com"]}]}},"_links":{"self":[{"href":"https:\/\/lescreationsdesy.com\/index.php\/wp-json\/wp\/v2\/pages\/16","targetHints":{"allow":["GET"]}}],"collection":[{"href":"https:\/\/lescreationsdesy.com\/index.php\/wp-json\/wp\/v2\/pages"}],"about":[{"href":"https:\/\/lescreationsdesy.com\/index.php\/wp-json\/wp\/v2\/types\/page"}],"author":[{"embeddable":true,"href":"https:\/\/lescreationsdesy.com\/index.php\/wp-json\/wp\/v2\/users\/1"}],"replies":[{"embeddable":true,"href":"https:\/\/lescreationsdesy.com\/index.php\/wp-json\/wp\/v2\/comments?post=16"}],"version-history":[{"count":10,"href":"https:\/\/lescreationsdesy.com\/index.php\/wp-json\/wp\/v2\/pages\/16\/revisions"}],"predecessor-version":[{"id":313,"href":"https:\/\/lescreationsdesy.com\/index.php\/wp-json\/wp\/v2\/pages\/16\/revisions\/313"}],"wp:attachment":[{"href":"https:\/\/lescreationsdesy.com\/index.php\/wp-json\/wp\/v2\/media?parent=16"}],"curies":[{"name":"wp","href":"https:\/\/api.w.org\/{rel}","templated":true}]}}